{"id":9,"date":"2024-03-17T22:42:53","date_gmt":"2024-03-17T22:42:53","guid":{"rendered":"https:\/\/nuevo.elfaroadventista.com\/?page_id=9"},"modified":"2025-08-06T12:42:49","modified_gmt":"2025-08-06T12:42:49","slug":"inicio","status":"publish","type":"page","link":"https:\/\/nuevo.elfaroadventista.com\/","title":{"rendered":"Inicio"},"content":{"rendered":"\n<div class=\"wp-block-uagb-container uagb-block-xgj4ru5s alignfull uagb-is-root-container\"><div class=\"uagb-container__video-wrap\"><video autoplay loop muted playsinline><source src=\"https:\/\/nuevo.elfaroadventista.com\/wp-content\/uploads\/2024\/03\/faro-banner-1.m4v\" type=\"video\/mp4\"\/><\/video><\/div>\n<div style=\"height:59px\" aria-hidden=\"true\" class=\"wp-block-spacer\"><\/div>\n\n\n\n<h1 class=\"wp-block-heading has-text-align-center has-ast-global-color-1-color has-text-color has-link-color wp-elements-295e94d42d91b60fc83e603ae4fc75ec\">Bienvenidos!<\/h1>\n\n\n\n<div class=\"wp-block-uagb-buttons uagb-buttons__outer-wrap uagb-btn__default-btn uagb-btn-tablet__default-btn uagb-btn-mobile__default-btn uagb-block-j2hpyzpl\"><div class=\"uagb-buttons__wrap uagb-buttons-layout-wrap \">\n<div class=\"wp-block-uagb-buttons-child uagb-buttons__outer-wrap uagb-block-jdfkkfag wp-block-button\"><div class=\"uagb-button__wrapper\"><a class=\"uagb-buttons-repeater wp-block-button__link\" aria-label=\"\" href=\"#\" rel=\"follow noopener\" target=\"_self\" role=\"button\"><div class=\"uagb-button__link\">Iniciar<\/div><\/a><\/div><\/div>\n<\/div><\/div>\n<\/div>\n\n\n\n<div class=\"wp-block-uagb-container uagb-block-de0d9ccd alignfull uagb-is-root-container\"><div class=\"uagb-container-inner-blocks-wrap\">\n<div class=\"wp-block-uagb-advanced-heading uagb-block-c77f420a\"><h2 class=\"uagb-heading-text\">Pr\u00f3ximos Eventos<\/h2><\/div>\n\n\n\n<div class=\"wp-block-uagb-separator uagb-block-bba58b4f\"><div class=\"uagb-separator-spacing-wrapper\"><div class=\"wp-block-uagb-separator__inner\" style=\"--my-background-image:\"><\/div><\/div><\/div>\n\n\n\n<p class=\"has-text-align-center has-text-color has-link-color has-medium-font-size wp-elements-34751cae95c4bb31bfa753a8020695a2\" style=\"color:#032925\">Inf\u00f3rmate aqu\u00ed de nuestros pr\u00f3ximos eventos.<br>No pierdas la oportunidad de participar.<\/p>\n\n\n\n<div class=\"wp-block-uagb-buttons uagb-buttons__outer-wrap uagb-btn__default-btn uagb-btn-tablet__default-btn uagb-btn-mobile__default-btn uagb-block-ddac287e\"><div class=\"uagb-buttons__wrap uagb-buttons-layout-wrap \">\n<div class=\"wp-block-uagb-buttons-child uagb-buttons__outer-wrap uagb-block-d2e88396 wp-block-button\"><div class=\"uagb-button__wrapper\"><a class=\"uagb-buttons-repeater wp-block-button__link\" aria-label=\"\" href=\"#\" rel=\"follow noopener\" target=\"_self\" role=\"button\"><div class=\"uagb-button__link\">Ver Eventos<\/div><\/a><\/div><\/div>\n<\/div><\/div>\n<\/div><\/div>\n\n\n\n<div class=\"wp-block-uagb-container uagb-block-14c99e61 alignfull uagb-is-root-container\"><div class=\"uagb-container-inner-blocks-wrap\">\n<div class=\"wp-block-uagb-container uagb-block-a2604c3f\">\n<div class=\"wp-block-uagb-advanced-heading uagb-block-e4f0d285\"><h2 class=\"uagb-heading-text\">C\u00f3mo Participar?<\/h2><\/div>\n<\/div>\n\n\n\n<div class=\"wp-block-uagb-separator uagb-block-4980fc12\"><div class=\"uagb-separator-spacing-wrapper\"><div class=\"wp-block-uagb-separator__inner\" style=\"--my-background-image:\"><\/div><\/div><\/div>\n\n\n\n<div class=\"wp-block-uagb-container uagb-block-1887bac2 alignfull uagb-is-root-container\"><div class=\"uagb-container-inner-blocks-wrap\">\n<div class=\"wp-block-uagb-container uagb-block-b0327c42\">\n<div class=\"wp-block-uagb-advanced-heading uagb-block-6b9edd4c\"><h4 class=\"uagb-heading-text\">En Persona<\/h4><\/div>\n\n\n\n<div class=\"wp-block-columns is-layout-flex wp-container-core-columns-is-layout-28f84493 wp-block-columns-is-layout-flex\">\n<div class=\"wp-block-column is-layout-flow wp-block-column-is-layout-flow\" style=\"flex-basis:100%\">\n<figure class=\"wp-block-image aligncenter size-full is-resized has-custom-border\"><img loading=\"lazy\" decoding=\"async\" width=\"640\" height=\"306\" src=\"https:\/\/nuevo.elfaroadventista.com\/wp-content\/uploads\/2024\/03\/hand-clasped.jpg\" alt=\"participa en persona\" class=\"wp-image-24\" style=\"border-style:none;border-width:0px;border-radius:8px;width:328px;height:auto\" srcset=\"https:\/\/nuevo.elfaroadventista.com\/wp-content\/uploads\/2024\/03\/hand-clasped.jpg 640w, https:\/\/nuevo.elfaroadventista.com\/wp-content\/uploads\/2024\/03\/hand-clasped-300x143.jpg 300w\" sizes=\"auto, (max-width: 640px) 100vw, 640px\" \/><\/figure>\n<\/div>\n<\/div>\n\n\n\n<p class=\"has-text-align-center has-ast-global-color-1-color has-text-color has-link-color wp-elements-599152a95a43c099987ca3869152972c\" style=\"margin-top:0;margin-bottom:0;padding-top:0;padding-bottom:0\">S\u00e1bados <\/p>\n\n\n\n<p class=\"has-text-align-center has-ast-global-color-1-color has-text-color has-link-color wp-elements-1bb807e01063e6cf18043b967ffa2b5f\" style=\"margin-top:0;margin-bottom:0;padding-top:0;padding-bottom:0\">Escuela Sab\u00e1tica 9:30-10:40 am<br>Culto 11:00-12:30pm<\/p>\n\n\n\n<p class=\"has-text-align-center has-ast-global-color-1-color has-text-color has-link-color wp-elements-fbdd95b103b27e8c4d3e6a3230ab5a0b\" style=\"margin-top:0;margin-bottom:0;padding-top:0;padding-bottom:0\">Mi\u00e9rcoles<\/p>\n\n\n\n<p class=\"has-text-align-center has-ast-global-color-1-color has-text-color has-link-color wp-elements-1bb807e01063e6cf18043b967ffa2b5f\" style=\"margin-top:0;margin-bottom:0;padding-top:0;padding-bottom:0\">Escuela Sab\u00e1tica 9:30-10:40 am<br>Culto 11:00-12:30pm<\/p>\n\n\n\n<div class=\"wp-block-uagb-buttons uagb-buttons__outer-wrap uagb-btn__default-btn uagb-btn-tablet__default-btn uagb-btn-mobile__default-btn uagb-block-74865370\"><div class=\"uagb-buttons__wrap uagb-buttons-layout-wrap \">\n<div class=\"wp-block-uagb-buttons-child uagb-buttons__outer-wrap uagb-block-0dddc651 wp-block-button\"><div class=\"uagb-button__wrapper\"><a class=\"uagb-buttons-repeater wp-block-button__link\" aria-label=\"\" href=\"#\" rel=\"follow noopener\" target=\"_self\" role=\"button\"><div class=\"uagb-button__link\">Bolet\u00edn Digital<\/div><\/a><\/div><\/div>\n<\/div><\/div>\n<\/div>\n\n\n\n<div class=\"wp-block-uagb-container uagb-block-075392e8\">\n<div class=\"wp-block-uagb-advanced-heading uagb-block-bebfb9d0\"><h4 class=\"uagb-heading-text\">Transmisiones en Vivo<\/h4><\/div>\n\n\n\n<div class=\"wp-block-columns is-layout-flex wp-container-core-columns-is-layout-28f84493 wp-block-columns-is-layout-flex\">\n<div class=\"wp-block-column is-layout-flow wp-block-column-is-layout-flow\" style=\"flex-basis:100%\">\n<figure class=\"wp-block-image aligncenter size-full is-resized has-custom-border\"><img loading=\"lazy\" decoding=\"async\" width=\"640\" height=\"427\" src=\"https:\/\/nuevo.elfaroadventista.com\/wp-content\/uploads\/2024\/03\/person-reading.jpg\" alt=\"\" class=\"wp-image-25\" style=\"border-style:none;border-width:0px;border-radius:8px;width:253px;height:auto\" srcset=\"https:\/\/nuevo.elfaroadventista.com\/wp-content\/uploads\/2024\/03\/person-reading.jpg 640w, https:\/\/nuevo.elfaroadventista.com\/wp-content\/uploads\/2024\/03\/person-reading-300x200.jpg 300w\" sizes=\"auto, (max-width: 640px) 100vw, 640px\" \/><\/figure>\n<\/div>\n<\/div>\n\n\n\n<p class=\"has-text-align-center has-ast-global-color-1-color has-text-color has-link-color wp-elements-cc0ddde0f3c0337ee2f3d0ec35772ae7\" style=\"padding-right:136px;padding-left:136px\">Con\u00e9ctate para ver nuestros cultos de cada S\u00e1bado<\/p>\n\n\n\n<div class=\"wp-block-uagb-buttons uagb-buttons__outer-wrap uagb-btn__default-btn uagb-btn-tablet__default-btn uagb-btn-mobile__default-btn uagb-block-a5a028c6\"><div class=\"uagb-buttons__wrap uagb-buttons-layout-wrap \">\n<div class=\"wp-block-uagb-buttons-child uagb-buttons__outer-wrap uagb-block-a31923ae wp-block-button\"><div class=\"uagb-button__wrapper\"><a class=\"uagb-buttons-repeater wp-block-button__link\" aria-label=\"\" href=\"#\" rel=\"follow noopener\" target=\"_self\" role=\"button\"><div class=\"uagb-button__link\">En Vivo<\/div><\/a><\/div><\/div>\n\n\n\n<div class=\"wp-block-uagb-buttons-child uagb-buttons__outer-wrap uagb-block-8b171525 wp-block-button\"><div class=\"uagb-button__wrapper\"><a class=\"uagb-buttons-repeater wp-block-button__link\" aria-label=\"\" href=\"#\" rel=\"follow noopener\" target=\"_self\" role=\"button\"><div class=\"uagb-button__link\">Canal YouTube<\/div><\/a><\/div><\/div>\n<\/div><\/div>\n<\/div>\n<\/div><\/div>\n<\/div><\/div>\n\n\n\n<div class=\"wp-block-uagb-container uagb-block-8aa7d629 alignfull uagb-is-root-container\"><div class=\"uagb-container-inner-blocks-wrap\">\n<div class=\"wp-block-uagb-advanced-heading uagb-block-8540556e\"><h2 class=\"uagb-heading-text\">Bolet\u00edn Digital<\/h2><\/div>\n\n\n\n<div class=\"wp-block-uagb-separator uagb-block-00f17e80\"><div class=\"uagb-separator-spacing-wrapper\"><div class=\"wp-block-uagb-separator__inner\" style=\"--my-background-image:\"><\/div><\/div><\/div>\n\n\n\n<p class=\"has-text-align-center has-ast-global-color-2-color has-text-color has-link-color has-medium-font-size wp-elements-736458a966af2c636752155f9ccac8b3\">Nuestro bolet\u00edn digital contiene las programaciones de<br>la Escuela Sab\u00e1tica y Culto Divino de cada S\u00e1bado<\/p>\n\n\n\n<div class=\"wp-block-uagb-buttons uagb-buttons__outer-wrap uagb-btn__default-btn uagb-btn-tablet__default-btn uagb-btn-mobile__default-btn uagb-block-f31561b4\"><div class=\"uagb-buttons__wrap uagb-buttons-layout-wrap \">\n<div class=\"wp-block-uagb-buttons-child uagb-buttons__outer-wrap uagb-block-d958d62d wp-block-button\"><div class=\"uagb-button__wrapper\"><a class=\"uagb-buttons-repeater wp-block-button__link\" aria-label=\"\" href=\"#\" rel=\"follow noopener\" target=\"_self\" role=\"button\"><div class=\"uagb-button__link\">Acceder Bolet\u00edn<\/div><\/a><\/div><\/div>\n<\/div><\/div>\n<\/div><\/div>\n\n\n\n<div class=\"wp-block-uagb-container is-style-default uagb-block-83cde3c4 alignfull uagb-is-root-container\"><div class=\"uagb-container-inner-blocks-wrap\">\n<div class=\"wp-block-uagb-container uagb-block-7c8aef81\">\n<blockquote class=\"wp-block-quote has-white-color has-text-color has-link-color wp-elements-04db8ab170a2f5aad447c236cd4424f4 is-layout-flow wp-block-quote-is-layout-flow\">\n<p>La fe viene \u00fanicamente de Jesucristo, y nos es prometida y dada gratuitamente. \u00a1Oh hombre!, repres\u00e9ntate a Cristo, y considera c\u00f3mo Dios te muestra en \u00e9l su misericordia sin ning\u00fan m\u00e9rito de tu parte.<\/p>\n<cite>Elena G. De White<\/cite><\/blockquote>\n<\/div>\n<\/div><\/div>\n\n\n\n<div class=\"wp-block-uagb-container uagb-block-4033d76e alignfull uagb-is-root-container\"><div class=\"uagb-container-inner-blocks-wrap\">\n<div class=\"wp-block-uagb-container uagb-block-fc6fd39e\">\n<div class=\"wp-block-uagb-container uagb-block-45f32b08\">\n<div class=\"wp-block-columns is-layout-flex wp-container-core-columns-is-layout-28f84493 wp-block-columns-is-layout-flex\">\n<div class=\"wp-block-column is-layout-flow wp-block-column-is-layout-flow\" style=\"flex-basis:60vw\">\n<div class=\"wp-block-uagb-advanced-heading uagb-block-9c24a421\"><h2 class=\"uagb-heading-text\">Donaciones para un templo<\/h2><\/div>\n\n\n\n<div class=\"wp-block-uagb-separator uagb-block-c1af5b4e\"><div class=\"uagb-separator-spacing-wrapper\"><div class=\"wp-block-uagb-separator__inner\" style=\"--my-background-image:\"><\/div><\/div><\/div>\n\n\n\n<div style=\"height:5px\" aria-hidden=\"true\" class=\"wp-block-spacer\"><\/div>\n\n\n\n<p class=\"has-text-align-left has-text-color has-link-color has-medium-font-size wp-elements-256fa76ad013cbfe0472d508702c1e8c\" style=\"color:#032925\">Inf\u00f3rmate aqu\u00ed de nuestros pr\u00f3ximos eventos.<br>No pierdas la oportunidad de participar.<\/p>\n\n\n\n<div class=\"wp-block-uagb-buttons uagb-buttons__outer-wrap uagb-btn__default-btn uagb-btn-tablet__default-btn uagb-btn-mobile__default-btn uagb-block-2f6ad534\"><div class=\"uagb-buttons__wrap uagb-buttons-layout-wrap \">\n<div class=\"wp-block-uagb-buttons-child uagb-buttons__outer-wrap uagb-block-f65b9042 wp-block-button\"><div class=\"uagb-button__wrapper\"><a class=\"uagb-buttons-repeater wp-block-button__link\" aria-label=\"\" href=\"#\" rel=\"follow noopener\" target=\"_self\" role=\"button\"><div class=\"uagb-button__link\">Ver Eventos<\/div><\/a><\/div><\/div>\n<\/div><\/div>\n<\/div>\n\n\n\n<div class=\"wp-block-column is-layout-flow wp-block-column-is-layout-flow\" style=\"flex-basis:30vw\">\n<div class=\"wp-block-uagb-image uagb-block-6e8a9ad1 wp-block-uagb-image--layout-default wp-block-uagb-image--effect-static wp-block-uagb-image--align-none\"><figure class=\"wp-block-uagb-image__figure\"><img decoding=\"async\" srcset=\"https:\/\/nuevo.elfaroadventista.com\/wp-content\/uploads\/2024\/03\/new-temple-1024x683.jpg ,https:\/\/nuevo.elfaroadventista.com\/wp-content\/uploads\/2024\/03\/new-temple.jpg 780w, https:\/\/nuevo.elfaroadventista.com\/wp-content\/uploads\/2024\/03\/new-temple.jpg 360w\" sizes=\"auto, (max-width: 480px) 150px\" src=\"https:\/\/nuevo.elfaroadventista.com\/wp-content\/uploads\/2024\/03\/new-temple-1024x683.jpg\" alt=\"\" class=\"uag-image-150\" width=\"1920\" height=\"1280\" title=\"new-temple\" loading=\"lazy\" role=\"img\"\/><\/figure><\/div>\n<\/div>\n<\/div>\n<\/div>\n<\/div>\n<\/div><\/div>\n","protected":false},"excerpt":{"rendered":"<p>Bienvenidos! Pr\u00f3ximos Eventos Inf\u00f3rmate aqu\u00ed de nuestros pr\u00f3ximos eventos.No pierdas la oportunidad de participar. C\u00f3mo Participar? En Persona S\u00e1bados Escuela [&hellip;]<\/p>\n","protected":false},"author":1,"featured_media":0,"parent":0,"menu_order":0,"comment_status":"closed","ping_status":"closed","template":"","meta":{"_uag_custom_page_level_css":"","site-sidebar-layout":"default","site-content-layout":"","ast-site-content-layout":"default","site-content-style":"default","site-sidebar-style":"default","ast-global-header-display":"","ast-banner-title-visibility":"","ast-main-header-display":"","ast-hfb-above-header-display":"","ast-hfb-below-header-display":"","ast-hfb-mobile-header-display":"","site-post-title":"disabled","ast-breadcrumbs-content":"","ast-featured-img":"","footer-sml-layout":"","ast-disable-related-posts":"","theme-transparent-header-meta":"","adv-header-id-meta":"","stick-header-meta":"","header-above-stick-meta":"","header-main-stick-meta":"","header-below-stick-meta":"","astra-migrate-meta-layouts":"default","ast-page-background-enabled":"default","ast-page-background-meta":{"desktop":{"background-color":"var(--ast-global-color-4)","background-image":"","background-repeat":"repeat","background-position":"center center","background-size":"auto","background-attachment":"scroll","background-type":"","background-media":"","overlay-type":"","overlay-color":"","overlay-opacity":"","overlay-gradient":""},"tablet":{"background-color":"","background-image":"","background-repeat":"repeat","background-position":"center center","background-size":"auto","background-attachment":"scroll","background-type":"","background-media":"","overlay-type":"","overlay-color":"","overlay-opacity":"","overlay-gradient":""},"mobile":{"background-color":"","background-image":"","background-repeat":"repeat","background-position":"center center","background-size":"auto","background-attachment":"scroll","background-type":"","background-media":"","overlay-type":"","overlay-color":"","overlay-opacity":"","overlay-gradient":""}},"ast-content-background-meta":{"desktop":{"background-color":"var(--ast-global-color-5)","background-image":"","background-repeat":"repeat","background-position":"center center","background-size":"auto","background-attachment":"scroll","background-type":"","background-media":"","overlay-type":"","overlay-color":"","overlay-opacity":"","overlay-gradient":""},"tablet":{"background-color":"var(--ast-global-color-5)","background-image":"","background-repeat":"repeat","background-position":"center center","background-size":"auto","background-attachment":"scroll","background-type":"","background-media":"","overlay-type":"","overlay-color":"","overlay-opacity":"","overlay-gradient":""},"mobile":{"background-color":"var(--ast-global-color-5)","background-image":"","background-repeat":"repeat","background-position":"center center","background-size":"auto","background-attachment":"scroll","background-type":"","background-media":"","overlay-type":"","overlay-color":"","overlay-opacity":"","overlay-gradient":""}},"footnotes":""},"class_list":["post-9","page","type-page","status-publish","hentry"],"uagb_featured_image_src":{"full":false,"thumbnail":false,"medium":false,"medium_large":false,"large":false,"1536x1536":false,"2048x2048":false},"uagb_author_info":{"display_name":"elfaro.iasdh","author_link":"https:\/\/nuevo.elfaroadventista.com\/index.php\/author\/elfaro-iasdh\/"},"uagb_comment_info":0,"uagb_excerpt":"Bienvenidos! Pr\u00f3ximos Eventos Inf\u00f3rmate aqu\u00ed de nuestros pr\u00f3ximos eventos.No pierdas la oportunidad de participar. C\u00f3mo Participar? En Persona S\u00e1bados Escuela [&hellip;]","_links":{"self":[{"href":"https:\/\/nuevo.elfaroadventista.com\/index.php\/wp-json\/wp\/v2\/pages\/9","targetHints":{"allow":["GET"]}}],"collection":[{"href":"https:\/\/nuevo.elfaroadventista.com\/index.php\/wp-json\/wp\/v2\/pages"}],"about":[{"href":"https:\/\/nuevo.elfaroadventista.com\/index.php\/wp-json\/wp\/v2\/types\/page"}],"author":[{"embeddable":true,"href":"https:\/\/nuevo.elfaroadventista.com\/index.php\/wp-json\/wp\/v2\/users\/1"}],"replies":[{"embeddable":true,"href":"https:\/\/nuevo.elfaroadventista.com\/index.php\/wp-json\/wp\/v2\/comments?post=9"}],"version-history":[{"count":42,"href":"https:\/\/nuevo.elfaroadventista.com\/index.php\/wp-json\/wp\/v2\/pages\/9\/revisions"}],"predecessor-version":[{"id":341,"href":"https:\/\/nuevo.elfaroadventista.com\/index.php\/wp-json\/wp\/v2\/pages\/9\/revisions\/341"}],"wp:attachment":[{"href":"https:\/\/nuevo.elfaroadventista.com\/index.php\/wp-json\/wp\/v2\/media?parent=9"}],"curies":[{"name":"wp","href":"https:\/\/api.w.org\/{rel}","templated":true}]}}